{"id":2317,"date":"2026-05-10T14:25:36","date_gmt":"2026-05-10T12:25:36","guid":{"rendered":"https:\/\/frumis.org.pl\/?page_id=2317"},"modified":"2026-05-10T14:30:08","modified_gmt":"2026-05-10T12:30:08","slug":"rzeszow-60","status":"publish","type":"page","link":"https:\/\/frumis.org.pl\/?page_id=2317","title":{"rendered":"Rzeszow 60+"},"content":{"rendered":"\t\t<div data-elementor-type=\"wp-page\" data-elementor-id=\"2317\" class=\"elementor elementor-2317\" data-elementor-post-type=\"page\">\n\t\t\t\t<div class=\"elementor-element elementor-element-4688cc47 e-flex e-con-boxed e-con e-parent\" data-id=\"4688cc47\" data-element_type=\"container\">\n\t\t\t\t\t<div class=\"e-con-inner\">\n\t\t\t\t\t<\/div>\n\t\t\t\t<\/div>\n\t\t<div class=\"elementor-element elementor-element-50795733 elementor-hidden-desktop e-flex e-con-boxed e-con e-parent\" data-id=\"50795733\" data-element_type=\"container\">\n\t\t\t\t\t<div class=\"e-con-inner\">\n\t\t\t\t<div class=\"elementor-element elementor-element-43971ac1 elementor-widget elementor-widget-image\" data-id=\"43971ac1\" data-element_type=\"widget\" data-widget_type=\"image.default\">\n\t\t\t\t<div class=\"elementor-widget-container\">\n\t\t\t\t\t\t\t\t\t\t\t\t\t\t\t<img fetchpriority=\"high\" decoding=\"async\" width=\"819\" height=\"1024\" src=\"https:\/\/frumis.org.pl\/wp-content\/uploads\/2025\/11\/17.png\" class=\"attachment-large size-large wp-image-2140\" alt=\"\" srcset=\"https:\/\/frumis.org.pl\/wp-content\/uploads\/2025\/11\/17.png 1080w, https:\/\/frumis.org.pl\/wp-content\/uploads\/2025\/11\/17-240x300.png 240w\" sizes=\"(max-width: 819px) 100vw, 819px\" \/>\t\t\t\t\t\t\t\t\t\t\t\t\t\t\t<\/div>\n\t\t\t\t<\/div>\n\t\t\t\t\t<\/div>\n\t\t\t\t<\/div>\n\t\t<div class=\"elementor-element elementor-element-59e40154 e-con-full elementor-hidden-tablet elementor-hidden-mobile e-flex e-con e-parent\" data-id=\"59e40154\" data-element_type=\"container\">\n\t\t\t\t<div class=\"elementor-element elementor-element-b9a22ed elementor-widget elementor-widget-image\" data-id=\"b9a22ed\" data-element_type=\"widget\" data-widget_type=\"image.default\">\n\t\t\t\t<div class=\"elementor-widget-container\">\n\t\t\t\t\t\t\t\t\t\t\t\t\t\t\t<img decoding=\"async\" width=\"1920\" height=\"820\" src=\"https:\/\/frumis.org.pl\/wp-content\/uploads\/2026\/05\/BANER-60-PLUS-SENIORZY-I-UR.png\" class=\"attachment-full size-full wp-image-2323\" alt=\"\" srcset=\"https:\/\/frumis.org.pl\/wp-content\/uploads\/2026\/05\/BANER-60-PLUS-SENIORZY-I-UR.png 1920w, https:\/\/frumis.org.pl\/wp-content\/uploads\/2026\/05\/BANER-60-PLUS-SENIORZY-I-UR-300x128.png 300w, https:\/\/frumis.org.pl\/wp-content\/uploads\/2026\/05\/BANER-60-PLUS-SENIORZY-I-UR-1024x437.png 1024w, https:\/\/frumis.org.pl\/wp-content\/uploads\/2026\/05\/BANER-60-PLUS-SENIORZY-I-UR-768x328.png 768w, https:\/\/frumis.org.pl\/wp-content\/uploads\/2026\/05\/BANER-60-PLUS-SENIORZY-I-UR-1536x656.png 1536w\" sizes=\"(max-width: 1920px) 100vw, 1920px\" \/>\t\t\t\t\t\t\t\t\t\t\t\t\t\t\t<\/div>\n\t\t\t\t<\/div>\n\t\t\t\t<\/div>\n\t\t<div class=\"elementor-element elementor-element-984eaaa e-flex e-con-boxed e-con e-parent\" data-id=\"984eaaa\" data-element_type=\"container\">\n\t\t\t\t\t<div class=\"e-con-inner\">\n\t\t<div class=\"elementor-element elementor-element-ae57b68 e-con-full e-flex e-con e-child\" data-id=\"ae57b68\" data-element_type=\"container\">\n\t\t\t\t<div class=\"elementor-element elementor-element-9a55654 elementor-widget elementor-widget-text-editor\" data-id=\"9a55654\" data-element_type=\"widget\" data-widget_type=\"text-editor.default\">\n\t\t\t\t<div class=\"elementor-widget-container\">\n\t\t\t\t\t\t\t\t\t<p><strong>Kontakt: 500 048 842<\/strong><\/p>\t\t\t\t\t\t\t\t<\/div>\n\t\t\t\t<\/div>\n\t\t\t\t<\/div>\n\t\t<div class=\"elementor-element elementor-element-8ea3e2c e-con-full e-flex e-con e-child\" data-id=\"8ea3e2c\" data-element_type=\"container\">\n\t\t\t\t<div class=\"elementor-element elementor-element-54449c2 elementor-widget elementor-widget-text-editor\" data-id=\"54449c2\" data-element_type=\"widget\" data-widget_type=\"text-editor.default\">\n\t\t\t\t<div class=\"elementor-widget-container\">\n\t\t\t\t\t\t\t\t\t<p><strong>\u00a0<\/strong><strong>Rzesz\u00f3w, obiekty Uniwersytetu Rzeszowskiego<\/strong><\/p>\t\t\t\t\t\t\t\t<\/div>\n\t\t\t\t<\/div>\n\t\t\t\t<\/div>\n\t\t<div class=\"elementor-element elementor-element-4e617f5 e-con-full e-flex e-con e-child\" data-id=\"4e617f5\" data-element_type=\"container\">\n\t\t\t\t<div class=\"elementor-element elementor-element-a987fe4 elementor-widget elementor-widget-text-editor\" data-id=\"a987fe4\" data-element_type=\"widget\" data-widget_type=\"text-editor.default\">\n\t\t\t\t<div class=\"elementor-widget-container\">\n\t\t\t\t\t\t\t\t\t<p><strong>E-mail: frumis@frumis.org.pl<\/strong><\/p>\t\t\t\t\t\t\t\t<\/div>\n\t\t\t\t<\/div>\n\t\t\t\t<\/div>\n\t\t\t\t\t<\/div>\n\t\t\t\t<\/div>\n\t\t<div class=\"elementor-element elementor-element-a7687a5 e-flex e-con-boxed e-con e-parent\" data-id=\"a7687a5\" data-element_type=\"container\">\n\t\t\t\t\t<div class=\"e-con-inner\">\n\t\t\t\t<div class=\"elementor-element elementor-element-4fe0553 elementor-widget elementor-widget-heading\" data-id=\"4fe0553\" data-element_type=\"widget\" data-widget_type=\"heading.default\">\n\t\t\t\t<div class=\"elementor-widget-container\">\n\t\t\t\t\t<h2 class=\"elementor-heading-title elementor-size-default\">Rzesz\u00f3w 60+ Zdrowie w Twoich R\u0119kach<span style=\"background-color: rgba(0, 0, 0, 0);\"><\/span><\/h2>\t\t\t\t<\/div>\n\t\t\t\t<\/div>\n\t\t\t\t<div class=\"elementor-element elementor-element-f5ae3ea elementor-widget elementor-widget-text-editor\" data-id=\"f5ae3ea\" data-element_type=\"widget\" data-widget_type=\"text-editor.default\">\n\t\t\t\t<div class=\"elementor-widget-container\">\n\t\t\t\t\t\t\t\t\t<h4><strong>Projekt dla senior\u00f3w, kt\u00f3rzy chc\u0105 zadba\u0107 o zdrowie, sprawno\u015b\u0107 i dobr\u0105 energi\u0119<\/strong><\/h4>\t\t\t\t\t\t\t\t<\/div>\n\t\t\t\t<\/div>\n\t\t\t\t\t<\/div>\n\t\t\t\t<\/div>\n\t\t<div class=\"elementor-element elementor-element-65d4ad48 e-flex e-con-boxed e-con e-parent\" data-id=\"65d4ad48\" data-element_type=\"container\">\n\t\t\t\t\t<div class=\"e-con-inner\">\n\t\t<div class=\"elementor-element elementor-element-63c3df81 e-con-full e-flex e-con e-child\" data-id=\"63c3df81\" data-element_type=\"container\">\n\t\t\t\t<div class=\"elementor-element elementor-element-21712e1 elementor-widget elementor-widget-text-editor\" data-id=\"21712e1\" data-element_type=\"widget\" data-widget_type=\"text-editor.default\">\n\t\t\t\t<div class=\"elementor-widget-container\">\n\t\t\t\t\t\t\t\t\t<p>\u201eRzesz\u00f3w 60+ Zdrowie w Twoich R\u0119kach\u201d to projekt Fundacji FRUMIS skierowany do<br \/>mieszka\u0144c\u00f3w Rzeszowa w wieku 60+. Jego celem jest wsparcie senior\u00f3w w bezpiecznym<br \/>powrocie do regularnej aktywno\u015bci fizycznej, poprawie sprawno\u015bci oraz lepszym rozumieniu<br \/>w\u0142asnego zdrowia.<\/p>\t\t\t\t\t\t\t\t<\/div>\n\t\t\t\t<\/div>\n\t\t\t\t<\/div>\n\t\t<div class=\"elementor-element elementor-element-c3e17e2 e-con-full e-flex e-con e-child\" data-id=\"c3e17e2\" data-element_type=\"container\">\n\t\t\t\t<div class=\"elementor-element elementor-element-83da5c8 elementor-widget elementor-widget-text-editor\" data-id=\"83da5c8\" data-element_type=\"widget\" data-widget_type=\"text-editor.default\">\n\t\t\t\t<div class=\"elementor-widget-container\">\n\t\t\t\t\t\t\t\t\t<p>To nie s\u0105 zwyk\u0142e zaj\u0119cia ruchowe. Projekt \u0142\u0105czy diagnostyk\u0119, indywidualne podej\u015bcie,<br \/>aktywno\u015b\u0107 fizyczn\u0105, edukacj\u0119 zdrowotn\u0105 i wsparcie specjalist\u00f3w. Najpierw sprawdzamy, od<br \/>czego uczestnik zaczyna, potem dobieramy odpowiedni poziom aktywno\u015bci, a na ko\u0144cu<br \/>przekazujemy konkretne wskaz\u00f3wki, jak kontynuowa\u0107 ruch po zako\u0144czeniu projektu.<br \/>Bez presji. Bez oceniania. Bez sportowego wy\u015bcigu. Za to spokojnie, bezpiecznie i z dobr\u0105<br \/>atmosfer\u0105.<\/p>\t\t\t\t\t\t\t\t<\/div>\n\t\t\t\t<\/div>\n\t\t\t\t<\/div>\n\t\t\t\t\t<\/div>\n\t\t\t\t<\/div>\n\t\t<div class=\"elementor-element elementor-element-7184a711 e-con-full e-flex elementor-invisible e-con e-parent\" data-id=\"7184a711\" data-element_type=\"container\" data-settings=\"{&quot;animation&quot;:&quot;fadeInUp&quot;}\">\n\t\t<div class=\"elementor-element elementor-element-dd0cacc e-con-full e-flex e-con e-child\" data-id=\"dd0cacc\" data-element_type=\"container\">\n\t\t\t\t<div class=\"elementor-element elementor-element-42cafa28 elementor-widget elementor-widget-image\" data-id=\"42cafa28\" data-element_type=\"widget\" data-widget_type=\"image.default\">\n\t\t\t\t<div class=\"elementor-widget-container\">\n\t\t\t\t\t\t\t\t\t\t\t\t\t\t\t<img decoding=\"async\" width=\"1024\" height=\"576\" src=\"https:\/\/frumis.org.pl\/wp-content\/uploads\/2026\/05\/4.-ZAKONCZENIE-1024x576.png\" class=\"attachment-large size-large wp-image-2322\" alt=\"\" srcset=\"https:\/\/frumis.org.pl\/wp-content\/uploads\/2026\/05\/4.-ZAKONCZENIE-1024x576.png 1024w, https:\/\/frumis.org.pl\/wp-content\/uploads\/2026\/05\/4.-ZAKONCZENIE-300x169.png 300w, https:\/\/frumis.org.pl\/wp-content\/uploads\/2026\/05\/4.-ZAKONCZENIE-768x432.png 768w, https:\/\/frumis.org.pl\/wp-content\/uploads\/2026\/05\/4.-ZAKONCZENIE-1536x864.png 1536w, https:\/\/frumis.org.pl\/wp-content\/uploads\/2026\/05\/4.-ZAKONCZENIE.png 1672w\" sizes=\"(max-width: 1024px) 100vw, 1024px\" \/>\t\t\t\t\t\t\t\t\t\t\t\t\t\t\t<\/div>\n\t\t\t\t<\/div>\n\t\t\t\t<\/div>\n\t\t<div class=\"elementor-element elementor-element-56a0c533 e-con-full e-flex e-con e-child\" data-id=\"56a0c533\" data-element_type=\"container\">\n\t\t\t\t<div class=\"elementor-element elementor-element-5a502a90 elementor-widget elementor-widget-image\" data-id=\"5a502a90\" data-element_type=\"widget\" data-widget_type=\"image.default\">\n\t\t\t\t<div class=\"elementor-widget-container\">\n\t\t\t\t\t\t\t\t\t\t\t\t\t\t\t<img loading=\"lazy\" decoding=\"async\" width=\"1024\" height=\"576\" src=\"https:\/\/frumis.org.pl\/wp-content\/uploads\/2026\/05\/3.-WARSZTATY-1024x576.png\" class=\"attachment-large size-large wp-image-2321\" alt=\"\" srcset=\"https:\/\/frumis.org.pl\/wp-content\/uploads\/2026\/05\/3.-WARSZTATY-1024x576.png 1024w, https:\/\/frumis.org.pl\/wp-content\/uploads\/2026\/05\/3.-WARSZTATY-300x169.png 300w, https:\/\/frumis.org.pl\/wp-content\/uploads\/2026\/05\/3.-WARSZTATY-768x432.png 768w, https:\/\/frumis.org.pl\/wp-content\/uploads\/2026\/05\/3.-WARSZTATY-1536x864.png 1536w, https:\/\/frumis.org.pl\/wp-content\/uploads\/2026\/05\/3.-WARSZTATY.png 1672w\" sizes=\"(max-width: 1024px) 100vw, 1024px\" \/>\t\t\t\t\t\t\t\t\t\t\t\t\t\t\t<\/div>\n\t\t\t\t<\/div>\n\t\t\t\t<\/div>\n\t\t\t\t<\/div>\n\t\t<div class=\"elementor-element elementor-element-3819d4c7 e-flex e-con-boxed e-con e-parent\" data-id=\"3819d4c7\" data-element_type=\"container\">\n\t\t\t\t\t<div class=\"e-con-inner\">\n\t\t<div class=\"elementor-element elementor-element-4454c15e e-con-full e-flex e-con e-child\" data-id=\"4454c15e\" data-element_type=\"container\">\n\t\t\t\t<div class=\"elementor-element elementor-element-78ce1b97 elementor-invisible elementor-widget elementor-widget-image\" data-id=\"78ce1b97\" data-element_type=\"widget\" data-settings=\"{&quot;_animation&quot;:&quot;fadeInLeft&quot;}\" data-widget_type=\"image.default\">\n\t\t\t\t<div class=\"elementor-widget-container\">\n\t\t\t\t\t\t\t\t\t\t\t\t\t\t\t<img loading=\"lazy\" decoding=\"async\" width=\"1024\" height=\"576\" src=\"https:\/\/frumis.org.pl\/wp-content\/uploads\/2026\/05\/1.-SENIORZY-1024x576.png\" class=\"attachment-large size-large wp-image-2319\" alt=\"\" srcset=\"https:\/\/frumis.org.pl\/wp-content\/uploads\/2026\/05\/1.-SENIORZY-1024x576.png 1024w, https:\/\/frumis.org.pl\/wp-content\/uploads\/2026\/05\/1.-SENIORZY-300x169.png 300w, https:\/\/frumis.org.pl\/wp-content\/uploads\/2026\/05\/1.-SENIORZY-768x432.png 768w, https:\/\/frumis.org.pl\/wp-content\/uploads\/2026\/05\/1.-SENIORZY-1536x864.png 1536w, https:\/\/frumis.org.pl\/wp-content\/uploads\/2026\/05\/1.-SENIORZY.png 1672w\" sizes=\"(max-width: 1024px) 100vw, 1024px\" \/>\t\t\t\t\t\t\t\t\t\t\t\t\t\t\t<\/div>\n\t\t\t\t<\/div>\n\t\t\t\t<\/div>\n\t\t<div class=\"elementor-element elementor-element-78fd3212 e-con-full e-flex e-con e-child\" data-id=\"78fd3212\" data-element_type=\"container\">\n\t\t\t\t<div class=\"elementor-element elementor-element-4ce7cdb9 elementor-widget-divider--view-line elementor-widget elementor-widget-divider\" data-id=\"4ce7cdb9\" data-element_type=\"widget\" data-widget_type=\"divider.default\">\n\t\t\t\t<div class=\"elementor-widget-container\">\n\t\t\t\t\t\t\t<div class=\"elementor-divider\">\n\t\t\t<span class=\"elementor-divider-separator\">\n\t\t\t\t\t\t<\/span>\n\t\t<\/div>\n\t\t\t\t\t\t<\/div>\n\t\t\t\t<\/div>\n\t\t\t\t<div class=\"elementor-element elementor-element-2f270568 elementor-widget elementor-widget-heading\" data-id=\"2f270568\" data-element_type=\"widget\" data-widget_type=\"heading.default\">\n\t\t\t\t<div class=\"elementor-widget-container\">\n\t\t\t\t\t<h2 class=\"elementor-heading-title elementor-size-default\">Dla Kogo?<\/h2>\t\t\t\t<\/div>\n\t\t\t\t<\/div>\n\t\t\t\t<div class=\"elementor-element elementor-element-73c5307c elementor-widget elementor-widget-text-editor\" data-id=\"73c5307c\" data-element_type=\"widget\" data-widget_type=\"text-editor.default\">\n\t\t\t\t<div class=\"elementor-widget-container\">\n\t\t\t\t\t\t\t\t\t<p><strong>Projekt jest przeznaczony dla 50 mieszka\u0144c\u00f3w Rzeszowa w wieku 60+, kt\u00f3rzy chc\u0105 zadba\u0107 o zdrowie, sprawno\u015b\u0107 i wi\u0119ksz\u0105 samodzielno\u015b\u0107 w codziennym \u017cyciu.<\/strong><\/p><ul><li>chc\u0105 wr\u00f3ci\u0107 do regularnego ruchu,<\/li><li>czuj\u0105 spadek kondycji, si\u0142y lub r\u00f3wnowagi,<\/li><li>potrzebuj\u0105 bezpiecznych zaj\u0119\u0107 prowadzonych przez specjalist\u00f3w,<\/li><li>chc\u0105 lepiej radzi\u0107 sobie ze stresem,<\/li><li>szukaj\u0105 aktywno\u015bci w \u017cyczliwej i wspieraj\u0105cej grupie.<\/li><\/ul>\t\t\t\t\t\t\t\t<\/div>\n\t\t\t\t<\/div>\n\t\t\t\t<\/div>\n\t\t\t\t\t<\/div>\n\t\t\t\t<\/div>\n\t\t<div class=\"elementor-element elementor-element-00e512e e-flex e-con-boxed e-con e-parent\" data-id=\"00e512e\" data-element_type=\"container\">\n\t\t\t\t\t<div class=\"e-con-inner\">\n\t\t\t\t<div class=\"elementor-element elementor-element-f16dd62 elementor-widget elementor-widget-text-editor\" data-id=\"f16dd62\" data-element_type=\"widget\" data-widget_type=\"text-editor.default\">\n\t\t\t\t<div class=\"elementor-widget-container\">\n\t\t\t\t\t\t\t\t\t<h3>Nie trzeba by\u0107 wysportowanym. Wystarczy ch\u0119\u0107, \u017ceby zrobi\u0107 pierwszy krok.<\/h3>\t\t\t\t\t\t\t\t<\/div>\n\t\t\t\t<\/div>\n\t\t\t\t\t<\/div>\n\t\t\t\t<\/div>\n\t\t<div class=\"elementor-element elementor-element-35e22873 e-flex e-con-boxed e-con e-parent\" data-id=\"35e22873\" data-element_type=\"container\">\n\t\t\t\t\t<div class=\"e-con-inner\">\n\t\t<div class=\"elementor-element elementor-element-1a06eb58 e-con-full e-flex e-con e-child\" data-id=\"1a06eb58\" data-element_type=\"container\">\n\t\t\t\t<div class=\"elementor-element elementor-element-2a2074d7 elementor-widget-divider--view-line elementor-widget elementor-widget-divider\" data-id=\"2a2074d7\" data-element_type=\"widget\" data-widget_type=\"divider.default\">\n\t\t\t\t<div class=\"elementor-widget-container\">\n\t\t\t\t\t\t\t<div class=\"elementor-divider\">\n\t\t\t<span class=\"elementor-divider-separator\">\n\t\t\t\t\t\t<\/span>\n\t\t<\/div>\n\t\t\t\t\t\t<\/div>\n\t\t\t\t<\/div>\n\t\t\t\t<div class=\"elementor-element elementor-element-39300ea2 elementor-widget elementor-widget-heading\" data-id=\"39300ea2\" data-element_type=\"widget\" data-widget_type=\"heading.default\">\n\t\t\t\t<div class=\"elementor-widget-container\">\n\t\t\t\t\t<h2 class=\"elementor-heading-title elementor-size-default\">Co obejmuje projekt?<\/h2>\t\t\t\t<\/div>\n\t\t\t\t<\/div>\n\t\t\t\t<div class=\"elementor-element elementor-element-46f9ff0 elementor-widget elementor-widget-text-editor\" data-id=\"46f9ff0\" data-element_type=\"widget\" data-widget_type=\"text-editor.default\">\n\t\t\t\t<div class=\"elementor-widget-container\">\n\t\t\t\t\t\t\t\t\t<p>Uczestnicy wezm\u0105 udzia\u0142 w kilku etapach:<\/p><ol><li>Diagnostyka zdrowotno-sprawno\u015bciowa<br \/>Na pocz\u0105tku zostan\u0105 wykonane podstawowe pomiary oraz testy funkcjonalne i<br \/>wydolno\u015bciowe. Dzi\u0119ki temu aktywno\u015b\u0107 b\u0119dzie dobrana do realnych mo\u017cliwo\u015bci uczestnika.<\/li><li>Pi\u0119\u0107 profili sprawno\u015bciowych<br \/>Na podstawie wynik\u00f3w ka\u017cdy uczestnik zostanie przypisany do odpowiedniego profilu. To<br \/>pozwoli prowadzi\u0107 zaj\u0119cia bezpiecznie i rozs\u0105dnie \u2014 inaczej dla os\u00f3b bardziej aktywnych,<br \/>inaczej dla tych, kt\u00f3re dopiero wracaj\u0105 do ruchu.<\/li><li>Dziesi\u0119\u0107 tygodni zaj\u0119\u0107 ruchowych<br \/>Uczestnicy b\u0119d\u0105 \u0107wiczy\u0107 raz w tygodniu przez 60 minut. Zaj\u0119cia b\u0119d\u0105 prowadzone w<br \/>podgrupach, z uwzgl\u0119dnieniem poziomu sprawno\u015bci i potrzeb zdrowotnych.<\/li><li>Edukacja zdrowotna i stres<br \/>W projekcie przewidziano tak\u017ce spotkania dotycz\u0105ce profilaktyki chor\u00f3b cywilizacyjnych<br \/>oraz radzenia sobie ze stresem. B\u0119dzie praktycznie, zrozumiale i bez medycznego \u017cargonu.<\/li><li>Podsumowanie i zalecenia<br \/>Na zako\u0144czenie uczestnicy otrzymaj\u0105 indywidualne wskaz\u00f3wki do dalszej aktywno\u015bci, tak<br \/>aby po projekcie wiedzie\u0107, co robi\u0107 dalej i jak \u0107wiczy\u0107 bezpiecznie.<br \/>Zakres projektu obejmuje diagnostyk\u0119 T0\/T1, 10-tygodniowy program aktywizacji ruchowej,<br \/>edukacj\u0119 zdrowotn\u0105 oraz indywidualne zalecenia dla uczestnik\u00f3w.<\/li><\/ol>\t\t\t\t\t\t\t\t<\/div>\n\t\t\t\t<\/div>\n\t\t\t\t<\/div>\n\t\t<div class=\"elementor-element elementor-element-5d915d41 e-con-full e-flex e-con e-child\" data-id=\"5d915d41\" data-element_type=\"container\">\n\t\t\t\t<div class=\"elementor-element elementor-element-2486188b elementor-invisible elementor-widget elementor-widget-image\" data-id=\"2486188b\" data-element_type=\"widget\" data-settings=\"{&quot;_animation&quot;:&quot;fadeInRight&quot;}\" data-widget_type=\"image.default\">\n\t\t\t\t<div class=\"elementor-widget-container\">\n\t\t\t\t\t\t\t\t\t\t\t\t\t\t\t<img loading=\"lazy\" decoding=\"async\" width=\"1024\" height=\"576\" src=\"https:\/\/frumis.org.pl\/wp-content\/uploads\/2026\/05\/2.-LABORATORIUM-1024x576.png\" class=\"attachment-large size-large wp-image-2320\" alt=\"\" srcset=\"https:\/\/frumis.org.pl\/wp-content\/uploads\/2026\/05\/2.-LABORATORIUM-1024x576.png 1024w, https:\/\/frumis.org.pl\/wp-content\/uploads\/2026\/05\/2.-LABORATORIUM-300x169.png 300w, https:\/\/frumis.org.pl\/wp-content\/uploads\/2026\/05\/2.-LABORATORIUM-768x432.png 768w, https:\/\/frumis.org.pl\/wp-content\/uploads\/2026\/05\/2.-LABORATORIUM-1536x864.png 1536w, https:\/\/frumis.org.pl\/wp-content\/uploads\/2026\/05\/2.-LABORATORIUM.png 1672w\" sizes=\"(max-width: 1024px) 100vw, 1024px\" \/>\t\t\t\t\t\t\t\t\t\t\t\t\t\t\t<\/div>\n\t\t\t\t<\/div>\n\t\t\t\t<\/div>\n\t\t\t\t\t<\/div>\n\t\t\t\t<\/div>\n\t\t<div class=\"elementor-element elementor-element-5ecbff2 e-flex e-con-boxed e-con e-parent\" data-id=\"5ecbff2\" data-element_type=\"container\">\n\t\t\t\t\t<div class=\"e-con-inner\">\n\t\t\t\t<div class=\"elementor-element elementor-element-a159766 elementor-widget-divider--view-line elementor-widget elementor-widget-divider\" data-id=\"a159766\" data-element_type=\"widget\" data-widget_type=\"divider.default\">\n\t\t\t\t<div class=\"elementor-widget-container\">\n\t\t\t\t\t\t\t<div class=\"elementor-divider\">\n\t\t\t<span class=\"elementor-divider-separator\">\n\t\t\t\t\t\t<\/span>\n\t\t<\/div>\n\t\t\t\t\t\t<\/div>\n\t\t\t\t<\/div>\n\t\t\t\t<div class=\"elementor-element elementor-element-000dd27 elementor-widget elementor-widget-heading\" data-id=\"000dd27\" data-element_type=\"widget\" data-widget_type=\"heading.default\">\n\t\t\t\t<div class=\"elementor-widget-container\">\n\t\t\t\t\t<h2 class=\"elementor-heading-title elementor-size-default\">Dlaczego warto?<\/h2>\t\t\t\t<\/div>\n\t\t\t\t<\/div>\n\t\t\t\t<div class=\"elementor-element elementor-element-4ed07a7 elementor-widget elementor-widget-text-editor\" data-id=\"4ed07a7\" data-element_type=\"widget\" data-widget_type=\"text-editor.default\">\n\t\t\t\t<div class=\"elementor-widget-container\">\n\t\t\t\t\t\t\t\t\t<p>Bo po 60. roku \u017cycia ruch nadal ma ogromne znaczenie. Pomaga d\u0142u\u017cej zachowa\u0107 samodzielno\u015b\u0107, poprawia r\u00f3wnowag\u0119, wzmacnia cia\u0142o, wspiera lepsze samopoczucie i daje<br \/>wi\u0119cej pewno\u015bci w codziennym funkcjonowaniu. W projekcie \u201eRzesz\u00f3w 60+ Zdrowie w Twoich R\u0119kach\u201d chcemy pokaza\u0107, \u017ce dbanie o zdrowie nie musi zaczyna\u0107 si\u0119 od wielkich zmian. Czasem wystarczy bezpieczny pierwszy krok, dobra grupa i kto\u015b, kto poka\u017ce, jak robi\u0107 to m\u0105drze.<\/p>\t\t\t\t\t\t\t\t<\/div>\n\t\t\t\t<\/div>\n\t\t\t\t\t<\/div>\n\t\t\t\t<\/div>\n\t\t\t\t<\/div>\n\t\t","protected":false},"excerpt":{"rendered":"<p>Kontakt: 500 048 842 \u00a0Rzesz\u00f3w, obiekty Uniwersytetu Rzeszowskiego E-mail: frumis@frumis.org.pl Rzesz\u00f3w 60+ Zdrowie w Twoich R\u0119kach Projekt dla senior\u00f3w, kt\u00f3rzy chc\u0105 zadba\u0107 o zdrowie, sprawno\u015b\u0107 i dobr\u0105 energi\u0119 \u201eRzesz\u00f3w 60+ Zdrowie w Twoich R\u0119kach\u201d to projekt Fundacji FRUMIS skierowany domieszka\u0144c\u00f3w Rzeszowa w wieku 60+. Jego celem jest wsparcie senior\u00f3w w bezpiecznympowrocie do regularnej aktywno\u015bci fizycznej,&#8230;<\/p>\n","protected":false},"author":1,"featured_media":0,"parent":0,"menu_order":0,"comment_status":"closed","ping_status":"closed","template":"","meta":{"_kad_post_transparent":"","_kad_post_title":"hide","_kad_post_layout":"fullwidth","_kad_post_sidebar_id":"","_kad_post_content_style":"unboxed","_kad_post_vertical_padding":"hide","_kad_post_feature":"hide","_kad_post_feature_position":"","_kad_post_header":false,"_kad_post_footer":false,"footnotes":""},"class_list":["post-2317","page","type-page","status-publish","hentry"],"_links":{"self":[{"href":"https:\/\/frumis.org.pl\/index.php?rest_route=\/wp\/v2\/pages\/2317","targetHints":{"allow":["GET"]}}],"collection":[{"href":"https:\/\/frumis.org.pl\/index.php?rest_route=\/wp\/v2\/pages"}],"about":[{"href":"https:\/\/frumis.org.pl\/index.php?rest_route=\/wp\/v2\/types\/page"}],"author":[{"embeddable":true,"href":"https:\/\/frumis.org.pl\/index.php?rest_route=\/wp\/v2\/users\/1"}],"replies":[{"embeddable":true,"href":"https:\/\/frumis.org.pl\/index.php?rest_route=%2Fwp%2Fv2%2Fcomments&post=2317"}],"version-history":[{"count":4,"href":"https:\/\/frumis.org.pl\/index.php?rest_route=\/wp\/v2\/pages\/2317\/revisions"}],"predecessor-version":[{"id":2327,"href":"https:\/\/frumis.org.pl\/index.php?rest_route=\/wp\/v2\/pages\/2317\/revisions\/2327"}],"wp:attachment":[{"href":"https:\/\/frumis.org.pl\/index.php?rest_route=%2Fwp%2Fv2%2Fmedia&parent=2317"}],"curies":[{"name":"wp","href":"https:\/\/api.w.org\/{rel}","templated":true}]}}